{"id":121,"date":"2018-10-31T23:38:36","date_gmt":"2018-11-01T03:38:36","guid":{"rendered":"https:\/\/www.spektra.com.bo\/?page_id=121"},"modified":"2023-04-28T10:19:47","modified_gmt":"2023-04-28T14:19:47","slug":"empresa","status":"publish","type":"page","link":"https:\/\/www.spektra.com.bo\/index.php\/empresa\/","title":{"rendered":"Empresa"},"content":{"rendered":"<h3><span style=\"font-family: 'comic sans ms', sans-serif; font-size: 18pt;\"><strong><span style=\"color: #0c1a99;\">Nuestra Visi\u00f3n<\/span><\/strong><\/span><\/h3>\n<p><span style=\"color: #333333; font-family: 'trebuchet ms', geneva, sans-serif; font-size: 14pt;\">Proporcionar <span style=\"font-family: georgia, palatino, serif;\"><em>Excelencia<\/em><\/span> y <span style=\"font-family: georgia, palatino, serif;\"><em>Tecnolog\u00eda<\/em><\/span> para la <span style=\"font-family: georgia, palatino, serif;\"><em>Ciencia<\/em><\/span>.<\/span><\/p>\n<h3><span style=\"font-family: 'comic sans ms', sans-serif; font-size: 18pt;\"><strong><span style=\"color: #0c1a99;\">Nuestra Misi\u00f3n<\/span><\/strong><\/span><\/h3>\n<p><span style=\"color: #333333; font-family: 'trebuchet ms', geneva, sans-serif; font-size: 14pt;\"><em><span style=\"font-family: georgia, palatino, serif;\">Integrar Tecnolog\u00edas<\/span><\/em> y <span style=\"font-family: georgia, palatino, serif;\"><em>Generar Soluciones<\/em><\/span>. Aportando de esta manera a que la sociedad productiva, visionaria y cient\u00edfica de Bolivia, no permanezca en el pasado.<\/span><\/p>\n<p><img loading=\"lazy\" decoding=\"async\" class=\"aligncenter wp-image-1047\" src=\"https:\/\/www.spektra.com.bo\/wp-content\/uploads\/2022\/10\/kaizen.jpg\" alt=\"\" width=\"222\" height=\"114\" srcset=\"https:\/\/www.spektra.com.bo\/wp-content\/uploads\/2022\/10\/kaizen.jpg 410w, https:\/\/www.spektra.com.bo\/wp-content\/uploads\/2022\/10\/kaizen-300x154.jpg 300w, https:\/\/www.spektra.com.bo\/wp-content\/uploads\/2022\/10\/kaizen-280x143.jpg 280w\" sizes=\"auto, (max-width: 222px) 100vw, 222px\" \/><\/p>\n<p style=\"text-align: center;\"><span style=\"font-family: verdana, geneva, sans-serif; color: #800000;\"><strong><span style=\"color: #ff0000; font-size: 14pt; font-family: verdana, geneva, sans-serif;\">&#8211; &#8211; &#8211; &#8211; &#8211;<\/span>\u00a0Kaizen<\/strong> &#8211; <b>Hoy mejor que ayer, ma\u00f1ana mejor que hoy <strong><span style=\"color: #ff0000; font-size: 14pt; font-family: verdana, geneva, sans-serif;\">&#8211; &#8211; &#8211; &#8211; &#8211;<\/span><\/strong><\/b><\/span><\/p>\n<hr \/>\n<p><span style=\"font-size: 14pt;\"><em><span style=\"color: #ff0000;\"><strong>ASESORAMIENTO:<\/strong><\/span><\/em><\/span><\/p>\n<p><span style=\"color: #000000; font-size: 14pt;\">Para dimensionar correctamente los Equipos y los M\u00e9todos de An\u00e1lisis, que cumplan con los requisitos Anal\u00edticos de nuestros Clientes; as\u00ed como tambi\u00e9n, les permita resolver sus necesidades de manera especializada, fundamentada y t\u00e9cnica.<\/span><\/p>\n<p><img loading=\"lazy\" decoding=\"async\" class=\"aligncenter wp-image-1043\" src=\"https:\/\/www.spektra.com.bo\/wp-content\/uploads\/2022\/10\/asesoramiento.jpg\" alt=\"\" width=\"286\" height=\"160\" srcset=\"https:\/\/www.spektra.com.bo\/wp-content\/uploads\/2022\/10\/asesoramiento.jpg 1140w, https:\/\/www.spektra.com.bo\/wp-content\/uploads\/2022\/10\/asesoramiento-300x168.jpg 300w, https:\/\/www.spektra.com.bo\/wp-content\/uploads\/2022\/10\/asesoramiento-1024x575.jpg 1024w, https:\/\/www.spektra.com.bo\/wp-content\/uploads\/2022\/10\/asesoramiento-768x431.jpg 768w, https:\/\/www.spektra.com.bo\/wp-content\/uploads\/2022\/10\/asesoramiento-600x337.jpg 600w, https:\/\/www.spektra.com.bo\/wp-content\/uploads\/2022\/10\/asesoramiento-280x157.jpg 280w\" sizes=\"auto, (max-width: 286px) 100vw, 286px\" \/><\/p>\n<hr \/>\n<hr \/>\n<p><span style=\"font-size: 14pt;\"><em><strong><span style=\"color: #ff0000;\">SERVICIO T\u00c9CNICO:<\/span><\/strong><\/em><\/span><\/p>\n<p style=\"text-align: justify;\"><span style=\"color: #000000; font-size: 14pt;\">Un Servicio Post-Venta que permite asistir a todos los Equipos, con el Mantenimiento\u00a0 Preventivo y Correctivo, cambio de Partes y Accesorios originales de F\u00e1brica, Verificaci\u00f3n Operativa y Calificaci\u00f3n IQ \/ OQ \/ PQ, realizado por nuestro Servicio T\u00e9cnico altamente cualificado, cumpliendo los Criterios y Protocolos de F\u00e1brica.<\/span><\/p>\n<p><img loading=\"lazy\" decoding=\"async\" class=\"aligncenter wp-image-1044\" src=\"https:\/\/www.spektra.com.bo\/wp-content\/uploads\/2022\/10\/mantenimiento.jpg\" alt=\"\" width=\"290\" height=\"151\" srcset=\"https:\/\/www.spektra.com.bo\/wp-content\/uploads\/2022\/10\/mantenimiento.jpg 575w, https:\/\/www.spektra.com.bo\/wp-content\/uploads\/2022\/10\/mantenimiento-300x157.jpg 300w, https:\/\/www.spektra.com.bo\/wp-content\/uploads\/2022\/10\/mantenimiento-280x146.jpg 280w\" sizes=\"auto, (max-width: 290px) 100vw, 290px\" \/><\/p>\n<hr \/>\n<hr \/>\n<p><span style=\"font-size: 14pt;\"><em><strong><span style=\"color: #ff0000;\">CAPACITACI\u00d3N: <\/span><\/strong><\/em><\/span><\/p>\n<p style=\"text-align: justify;\"><span style=\"color: #000000; font-size: 14pt;\">Una vez puesto en funcionamiento un determinado Equipo, p<\/span><span style=\"color: #000000; font-size: 14pt;\">rocedemos con el\u00a0<\/span><span style=\"color: #000000; font-size: 14pt;\">Entrenamiento a los Operadores y\/o Usuarios, desd<\/span><span style=\"color: #000000; font-size: 14pt;\">e los correspondientes \u00abPrincipios Te\u00f3ricos y Pr\u00e1cticos\u00bb hasta los \u00abProcesos de Operaci\u00f3n \u00d3ptima del Equipo\u00bb, incluyendo los cuidados de Mantenimiento Rutinario a cargo de los Operadores y\/o Usuarios, fundamentado en las consideraciones T\u00e9cnicas y Anal\u00edticas que compete a cada Instrumento.<\/span><img loading=\"lazy\" decoding=\"async\" class=\"wp-image-1042 aligncenter\" style=\"color: #000000; font-size: 18.6667px;\" src=\"https:\/\/www.spektra.com.bo\/wp-content\/uploads\/2022\/10\/Training_Picture.jpg\" alt=\"\" width=\"275\" height=\"157\" srcset=\"https:\/\/www.spektra.com.bo\/wp-content\/uploads\/2022\/10\/Training_Picture.jpg 790w, https:\/\/www.spektra.com.bo\/wp-content\/uploads\/2022\/10\/Training_Picture-300x171.jpg 300w, https:\/\/www.spektra.com.bo\/wp-content\/uploads\/2022\/10\/Training_Picture-768x437.jpg 768w, https:\/\/www.spektra.com.bo\/wp-content\/uploads\/2022\/10\/Training_Picture-600x342.jpg 600w, https:\/\/www.spektra.com.bo\/wp-content\/uploads\/2022\/10\/Training_Picture-280x160.jpg 280w\" sizes=\"auto, (max-width: 275px) 100vw, 275px\" \/><\/p>\n<hr \/>\n<p>&nbsp;<\/p>\n","protected":false},"excerpt":{"rendered":"<p>Nuestra Visi\u00f3n Proporcionar Excelencia y Tecnolog\u00eda para la Ciencia. Nuestra Misi\u00f3n Integrar Tecnolog\u00edas y Generar Soluciones. Aportando de esta manera a que la sociedad productiva, visionaria y cient\u00edfica de Bolivia, no permanezca en el pasado. &#8211; &#8211; &#8211; &#8211; &#8211;\u00a0Kaizen &#8211; Hoy mejor que ayer, ma\u00f1ana mejor que hoy &#8211; &#8211; &#8211; &#8211; &#8211; ASESORAMIENTO: [&hellip;]<\/p>\n","protected":false},"author":1,"featured_media":0,"parent":0,"menu_order":0,"comment_status":"closed","ping_status":"closed","template":"","meta":{"_monsterinsights_skip_tracking":false,"_monsterinsights_sitenote_active":false,"_monsterinsights_sitenote_note":"","_monsterinsights_sitenote_category":0,"footnotes":""},"categories":[],"tags":[],"class_list":["post-121","page","type-page","status-publish","hentry"],"_links":{"self":[{"href":"https:\/\/www.spektra.com.bo\/index.php\/wp-json\/wp\/v2\/pages\/121","targetHints":{"allow":["GET"]}}],"collection":[{"href":"https:\/\/www.spektra.com.bo\/index.php\/wp-json\/wp\/v2\/pages"}],"about":[{"href":"https:\/\/www.spektra.com.bo\/index.php\/wp-json\/wp\/v2\/types\/page"}],"author":[{"embeddable":true,"href":"https:\/\/www.spektra.com.bo\/index.php\/wp-json\/wp\/v2\/users\/1"}],"replies":[{"embeddable":true,"href":"https:\/\/www.spektra.com.bo\/index.php\/wp-json\/wp\/v2\/comments?post=121"}],"version-history":[{"count":23,"href":"https:\/\/www.spektra.com.bo\/index.php\/wp-json\/wp\/v2\/pages\/121\/revisions"}],"predecessor-version":[{"id":1078,"href":"https:\/\/www.spektra.com.bo\/index.php\/wp-json\/wp\/v2\/pages\/121\/revisions\/1078"}],"wp:attachment":[{"href":"https:\/\/www.spektra.com.bo\/index.php\/wp-json\/wp\/v2\/media?parent=121"}],"wp:term":[{"taxonomy":"category","embeddable":true,"href":"https:\/\/www.spektra.com.bo\/index.php\/wp-json\/wp\/v2\/categories?post=121"},{"taxonomy":"post_tag","embeddable":true,"href":"https:\/\/www.spektra.com.bo\/index.php\/wp-json\/wp\/v2\/tags?post=121"}],"curies":[{"name":"wp","href":"https:\/\/api.w.org\/{rel}","templated":true}]}}